{"id":2373,"date":"2024-01-31T16:38:11","date_gmt":"2024-01-31T15:38:11","guid":{"rendered":"https:\/\/www.pfeifhof.it\/sauna\/"},"modified":"2025-05-07T11:55:12","modified_gmt":"2025-05-07T09:55:12","slug":"sauna","status":"publish","type":"page","link":"https:\/\/www.pfeifhof.it\/it\/sauna\/","title":{"rendered":"Agriturismo con sauna &#8211; Maso Pfeifhof a Sesto"},"content":{"rendered":"\t\t<div data-elementor-type=\"wp-page\" data-elementor-id=\"2373\" class=\"elementor elementor-2373 elementor-804\" data-elementor-post-type=\"page\">\n\t\t\t\t<section class=\"elementor-element elementor-element-e82cbd5 e-con-full e-flex e-con e-parent\" data-id=\"e82cbd5\" data-element_type=\"container\" data-settings=\"{&quot;content_width&quot;:&quot;full&quot;,&quot;background_background&quot;:&quot;slideshow&quot;,&quot;background_slideshow_gallery&quot;:[{&quot;id&quot;:3003,&quot;url&quot;:&quot;https:\\\/\\\/www.pfeifhof.it\\\/wp-content\\\/uploads\\\/2025\\\/01\\\/Foto-301.jpg&quot;},{&quot;id&quot;:3006,&quot;url&quot;:&quot;https:\\\/\\\/www.pfeifhof.it\\\/wp-content\\\/uploads\\\/2025\\\/01\\\/Foto-323.jpg&quot;},{&quot;id&quot;:3156,&quot;url&quot;:&quot;https:\\\/\\\/www.pfeifhof.it\\\/wp-content\\\/uploads\\\/2025\\\/01\\\/Foto-296-1-scaled.jpg&quot;}],&quot;container_type&quot;:&quot;flex&quot;,&quot;background_slideshow_loop&quot;:&quot;yes&quot;,&quot;background_slideshow_slide_duration&quot;:5000,&quot;background_slideshow_slide_transition&quot;:&quot;fade&quot;,&quot;background_slideshow_transition_duration&quot;:500}\" data-core-v316-plus=\"true\">\n\t\t\t\t<div class=\"elementor-element elementor-element-4644cba elementor-absolute elementor-widget elementor-widget-image\" data-id=\"4644cba\" data-element_type=\"widget\" data-settings=\"{&quot;_position&quot;:&quot;absolute&quot;}\" data-widget_type=\"image.default\">\n\t\t\t\t<div class=\"elementor-widget-container\">\n\t\t\t<style>\/*! elementor - v3.19.0 - 07-02-2024 *\/\n.elementor-widget-image{text-align:center}.elementor-widget-image a{display:inline-block}.elementor-widget-image a img[src$=\".svg\"]{width:48px}.elementor-widget-image img{vertical-align:middle;display:inline-block}<\/style>\t\t\t\t\t\t\t\t\t\t<img fetchpriority=\"high\" decoding=\"async\" width=\"600\" height=\"600\" src=\"https:\/\/www.pfeifhof.it\/wp-content\/uploads\/2024\/01\/neu.svg\" class=\"attachment-large size-large wp-image-540\" alt=\"\" \/>\t\t\t\t\t\t\t\t\t\t\t\t\t<\/div>\n\t\t\t\t<\/div>\n\t\t\t\t<\/section>\n\t\t<div class=\"elementor-element elementor-element-c6ff6a6 c-wrapper p-t-l p-bt-m e-flex e-con-boxed e-con e-parent\" data-id=\"c6ff6a6\" data-element_type=\"container\" data-settings=\"{&quot;container_type&quot;:&quot;flex&quot;,&quot;content_width&quot;:&quot;boxed&quot;}\" data-core-v316-plus=\"true\">\n\t\t\t\t\t<div class=\"e-con-inner\">\n\t\t<div class=\"elementor-element elementor-element-198c225 e-con-full c-inner w-60 p-t-l p-bt-m e-flex e-con e-child\" data-id=\"198c225\" data-element_type=\"container\" data-settings=\"{&quot;content_width&quot;:&quot;full&quot;,&quot;container_type&quot;:&quot;flex&quot;}\">\n\t\t\t\t<div class=\"elementor-element elementor-element-26a47a9 elementor-widget elementor-widget-heading\" data-id=\"26a47a9\" data-element_type=\"widget\" data-widget_type=\"heading.default\">\n\t\t\t\t<div class=\"elementor-widget-container\">\n\t\t\t<style>\/*! elementor - v3.19.0 - 07-02-2024 *\/\n.elementor-heading-title{padding:0;margin:0;line-height:1}.elementor-widget-heading .elementor-heading-title[class*=elementor-size-]>a{color:inherit;font-size:inherit;line-height:inherit}.elementor-widget-heading .elementor-heading-title.elementor-size-small{font-size:15px}.elementor-widget-heading .elementor-heading-title.elementor-size-medium{font-size:19px}.elementor-widget-heading .elementor-heading-title.elementor-size-large{font-size:29px}.elementor-widget-heading .elementor-heading-title.elementor-size-xl{font-size:39px}.elementor-widget-heading .elementor-heading-title.elementor-size-xxl{font-size:59px}<\/style><h1 class=\"elementor-heading-title elementor-size-default\">Agriturismo di montagna con sauna<\/h1>\t\t<\/div>\n\t\t\t\t<\/div>\n\t\t\t\t<div class=\"elementor-element elementor-element-c2c1941 elementor-widget elementor-widget-text-editor\" data-id=\"c2c1941\" data-element_type=\"widget\" data-widget_type=\"text-editor.default\">\n\t\t\t\t<div class=\"elementor-widget-container\">\n\t\t\t<style>\/*! elementor - v3.19.0 - 07-02-2024 *\/\n.elementor-widget-text-editor.elementor-drop-cap-view-stacked .elementor-drop-cap{background-color:#69727d;color:#fff}.elementor-widget-text-editor.elementor-drop-cap-view-framed .elementor-drop-cap{color:#69727d;border:3px solid;background-color:transparent}.elementor-widget-text-editor:not(.elementor-drop-cap-view-default) .elementor-drop-cap{margin-top:8px}.elementor-widget-text-editor:not(.elementor-drop-cap-view-default) .elementor-drop-cap-letter{width:1em;height:1em}.elementor-widget-text-editor .elementor-drop-cap{float:left;text-align:center;line-height:1;font-size:50px}.elementor-widget-text-editor .elementor-drop-cap-letter{display:inline-block}<\/style>\t\t\t\t<p><span style=\"font-family: Aller, serif;\"><b>il nostro originale concetto di sauna<\/b><\/span><\/p>\n\t\t\t\t\t\t<\/div>\n\t\t\t\t<\/div>\n\t\t\t\t<div class=\"elementor-element elementor-element-48388c3 elementor-widget elementor-widget-text-editor\" data-id=\"48388c3\" data-element_type=\"widget\" data-widget_type=\"text-editor.default\">\n\t\t\t\t<div class=\"elementor-widget-container\">\n\t\t\t\t\t\t\t<p>La sauna a botte sulla nostra ampia terrazza panoramica con vista sulle imponenti Dolomiti di Sesto vi offre la possibilit\u00e0 di vivere un momento esclusivo in un\u2019atmosfera intima e confortevole. Riscaldata con stufa a legna, raggiunge una temperatura massima di 80-90 gradi. Se lo desiderate, possiamo impostare per voi una temperatura pi\u00f9 gradevole e non eccessivamente calda di circa 60-70 gradi. La vostra sessione di sauna sar\u00e0 resa ancora pi\u00f9 suggestiva dal crepitio della stufa.<\/p>\n<p>La sauna \u00e8 accessibile a partire dalle ore 16:00. Vi preghiamo di comunicarci le vostre preferenze di giorno e orario con un giorno di anticipo, per consentirci di organizzare al meglio la vostra esperienza.<\/p>\n\t\t\t\t\t\t<\/div>\n\t\t\t\t<\/div>\n\t\t\t\t<\/div>\n\t\t<div class=\"elementor-element elementor-element-542eb49 e-con-full c-inner w-80 img-grid e-grid e-con e-child\" data-id=\"542eb49\" data-element_type=\"container\" data-settings=\"{&quot;content_width&quot;:&quot;full&quot;,&quot;container_type&quot;:&quot;grid&quot;,&quot;grid_columns_grid&quot;:{&quot;unit&quot;:&quot;fr&quot;,&quot;size&quot;:12,&quot;sizes&quot;:[]},&quot;grid_rows_grid&quot;:{&quot;unit&quot;:&quot;fr&quot;,&quot;size&quot;:10,&quot;sizes&quot;:[]},&quot;grid_outline&quot;:&quot;yes&quot;,&quot;grid_columns_grid_tablet&quot;:{&quot;unit&quot;:&quot;fr&quot;,&quot;size&quot;:&quot;&quot;,&quot;sizes&quot;:[]},&quot;grid_columns_grid_mobile&quot;:{&quot;unit&quot;:&quot;fr&quot;,&quot;size&quot;:1,&quot;sizes&quot;:[]},&quot;grid_rows_grid_tablet&quot;:{&quot;unit&quot;:&quot;fr&quot;,&quot;size&quot;:&quot;&quot;,&quot;sizes&quot;:[]},&quot;grid_rows_grid_mobile&quot;:{&quot;unit&quot;:&quot;fr&quot;,&quot;size&quot;:&quot;&quot;,&quot;sizes&quot;:[]},&quot;grid_auto_flow&quot;:&quot;row&quot;,&quot;grid_auto_flow_tablet&quot;:&quot;row&quot;,&quot;grid_auto_flow_mobile&quot;:&quot;row&quot;}\">\n\t\t\t\t<div class=\"elementor-element elementor-element-ef15a6a elementor-widget elementor-widget-image\" data-id=\"ef15a6a\" data-element_type=\"widget\" data-widget_type=\"image.default\">\n\t\t\t\t<div class=\"elementor-widget-container\">\n\t\t\t\t\t\t\t\t\t\t\t\t\t<img decoding=\"async\" width=\"800\" height=\"534\" src=\"https:\/\/www.pfeifhof.it\/wp-content\/uploads\/2025\/01\/Foto-296.jpg\" class=\"attachment-large size-large wp-image-3010\" alt=\"\" srcset=\"https:\/\/www.pfeifhof.it\/wp-content\/uploads\/2025\/01\/Foto-296.jpg 1000w, https:\/\/www.pfeifhof.it\/wp-content\/uploads\/2025\/01\/Foto-296-300x200.jpg 300w, https:\/\/www.pfeifhof.it\/wp-content\/uploads\/2025\/01\/Foto-296-768x512.jpg 768w\" sizes=\"(max-width: 800px) 100vw, 800px\" \/>\t\t\t\t\t\t\t\t\t\t\t\t\t<\/div>\n\t\t\t\t<\/div>\n\t\t\t\t<div class=\"elementor-element elementor-element-f6b9689 elementor-widget elementor-widget-image\" data-id=\"f6b9689\" data-element_type=\"widget\" data-widget_type=\"image.default\">\n\t\t\t\t<div class=\"elementor-widget-container\">\n\t\t\t\t\t\t\t\t\t\t\t\t\t<img decoding=\"async\" width=\"667\" height=\"1000\" src=\"https:\/\/www.pfeifhof.it\/wp-content\/uploads\/2025\/01\/Foto-302.jpg\" class=\"attachment-large size-large wp-image-3013\" alt=\"\" srcset=\"https:\/\/www.pfeifhof.it\/wp-content\/uploads\/2025\/01\/Foto-302.jpg 667w, https:\/\/www.pfeifhof.it\/wp-content\/uploads\/2025\/01\/Foto-302-200x300.jpg 200w\" sizes=\"(max-width: 667px) 100vw, 667px\" \/>\t\t\t\t\t\t\t\t\t\t\t\t\t<\/div>\n\t\t\t\t<\/div>\n\t\t\t\t<div class=\"elementor-element elementor-element-d9a9e5f elementor-widget elementor-widget-image\" data-id=\"d9a9e5f\" data-element_type=\"widget\" data-widget_type=\"image.default\">\n\t\t\t\t<div class=\"elementor-widget-container\">\n\t\t\t\t\t\t\t\t\t\t\t\t\t<img loading=\"lazy\" decoding=\"async\" width=\"667\" height=\"1000\" src=\"https:\/\/www.pfeifhof.it\/wp-content\/uploads\/2025\/01\/Foto-326.jpg\" class=\"attachment-large size-large wp-image-3016\" alt=\"\" srcset=\"https:\/\/www.pfeifhof.it\/wp-content\/uploads\/2025\/01\/Foto-326.jpg 667w, https:\/\/www.pfeifhof.it\/wp-content\/uploads\/2025\/01\/Foto-326-200x300.jpg 200w\" sizes=\"(max-width: 667px) 100vw, 667px\" \/>\t\t\t\t\t\t\t\t\t\t\t\t\t<\/div>\n\t\t\t\t<\/div>\n\t\t\t\t<\/div>\n\t\t\t\t\t<\/div>\n\t\t\t\t<\/div>\n\t\t\t\t<\/div>\n\t\t","protected":false},"excerpt":{"rendered":"<p>Agriturismo di montagna con sauna il nostro originale concetto di sauna La sauna a botte sulla nostra ampia terrazza panoramica con vista sulle imponenti Dolomiti di Sesto vi offre la possibilit\u00e0 di vivere un momento esclusivo in un\u2019atmosfera intima e confortevole. Riscaldata con stufa a legna, raggiunge una temperatura massima di 80-90 gradi. Se lo [&hellip;]<\/p>\n","protected":false},"author":1,"featured_media":0,"parent":0,"menu_order":0,"comment_status":"closed","ping_status":"closed","template":"","meta":{"footnotes":""},"class_list":["post-2373","page","type-page","status-publish","hentry"],"yoast_head":"<!-- This site is optimized with the Yoast SEO plugin v22.0 - https:\/\/yoast.com\/wordpress\/plugins\/seo\/ -->\n<title>Agriturismo con sauna - Maso Pfeifhof a Sesto<\/title>\n<meta name=\"description\" content=\"Il nostro maso di montagna con sauna a 1.650 m e vista panoramica sulle Dolomiti di Sesto. Sauna a botte accogliente: una stanza sudatoria diversa\" \/>\n<meta name=\"robots\" content=\"index, follow, max-snippet:-1, max-image-preview:large, max-video-preview:-1\" \/>\n<link rel=\"canonical\" href=\"https:\/\/www.pfeifhof.it\/it\/sauna\/\" \/>\n<meta property=\"og:locale\" content=\"it_IT\" \/>\n<meta property=\"og:type\" content=\"article\" \/>\n<meta property=\"og:title\" content=\"Agriturismo con sauna - Maso Pfeifhof a Sesto\" \/>\n<meta property=\"og:description\" content=\"Il nostro maso di montagna con sauna a 1.650 m e vista panoramica sulle Dolomiti di Sesto. Sauna a botte accogliente: una stanza sudatoria diversa\" \/>\n<meta property=\"og:url\" content=\"https:\/\/www.pfeifhof.it\/it\/sauna\/\" \/>\n<meta property=\"og:site_name\" content=\"Pfeifhof\" \/>\n<meta property=\"article:modified_time\" content=\"2025-05-07T09:55:12+00:00\" \/>\n<meta property=\"og:image\" content=\"https:\/\/www.pfeifhof.it\/wp-content\/uploads\/2024\/01\/neu.svg\" \/>\n<meta name=\"twitter:card\" content=\"summary_large_image\" \/>\n<meta name=\"twitter:label1\" content=\"Tempo di lettura stimato\" \/>\n\t<meta name=\"twitter:data1\" content=\"2 minuti\" \/>\n<script type=\"application\/ld+json\" class=\"yoast-schema-graph\">{\"@context\":\"https:\/\/schema.org\",\"@graph\":[{\"@type\":\"WebPage\",\"@id\":\"https:\/\/www.pfeifhof.it\/it\/sauna\/\",\"url\":\"https:\/\/www.pfeifhof.it\/it\/sauna\/\",\"name\":\"Agriturismo con sauna - Maso Pfeifhof a Sesto\",\"isPartOf\":{\"@id\":\"https:\/\/www.pfeifhof.it\/it\/#website\"},\"datePublished\":\"2024-01-31T15:38:11+00:00\",\"dateModified\":\"2025-05-07T09:55:12+00:00\",\"description\":\"Il nostro maso di montagna con sauna a 1.650 m e vista panoramica sulle Dolomiti di Sesto. Sauna a botte accogliente: una stanza sudatoria diversa\",\"breadcrumb\":{\"@id\":\"https:\/\/www.pfeifhof.it\/it\/sauna\/#breadcrumb\"},\"inLanguage\":\"it-IT\",\"potentialAction\":[{\"@type\":\"ReadAction\",\"target\":[\"https:\/\/www.pfeifhof.it\/it\/sauna\/\"]}]},{\"@type\":\"BreadcrumbList\",\"@id\":\"https:\/\/www.pfeifhof.it\/it\/sauna\/#breadcrumb\",\"itemListElement\":[{\"@type\":\"ListItem\",\"position\":1,\"name\":\"Startseite\",\"item\":\"https:\/\/www.pfeifhof.it\/it\/\"},{\"@type\":\"ListItem\",\"position\":2,\"name\":\"Agriturismo con sauna &#8211; Maso Pfeifhof a Sesto\"}]},{\"@type\":\"WebSite\",\"@id\":\"https:\/\/www.pfeifhof.it\/it\/#website\",\"url\":\"https:\/\/www.pfeifhof.it\/it\/\",\"name\":\"Pfeifhof\",\"description\":\"\",\"publisher\":{\"@id\":\"https:\/\/www.pfeifhof.it\/it\/#organization\"},\"potentialAction\":[{\"@type\":\"SearchAction\",\"target\":{\"@type\":\"EntryPoint\",\"urlTemplate\":\"https:\/\/www.pfeifhof.it\/it\/?s={search_term_string}\"},\"query-input\":\"required name=search_term_string\"}],\"inLanguage\":\"it-IT\"},{\"@type\":\"Organization\",\"@id\":\"https:\/\/www.pfeifhof.it\/it\/#organization\",\"name\":\"Pfeifhof\",\"url\":\"https:\/\/www.pfeifhof.it\/it\/\",\"logo\":{\"@type\":\"ImageObject\",\"inLanguage\":\"it-IT\",\"@id\":\"https:\/\/www.pfeifhof.it\/it\/#\/schema\/logo\/image\/\",\"url\":\"https:\/\/www.pfeifhof.it\/wp-content\/uploads\/2024\/01\/logo-pfeifhof-1.svg\",\"contentUrl\":\"https:\/\/www.pfeifhof.it\/wp-content\/uploads\/2024\/01\/logo-pfeifhof-1.svg\",\"width\":416,\"height\":95,\"caption\":\"Pfeifhof\"},\"image\":{\"@id\":\"https:\/\/www.pfeifhof.it\/it\/#\/schema\/logo\/image\/\"}}]}<\/script>\n<!-- \/ Yoast SEO plugin. -->","yoast_head_json":{"title":"Agriturismo con sauna - Maso Pfeifhof a Sesto","description":"Il nostro maso di montagna con sauna a 1.650 m e vista panoramica sulle Dolomiti di Sesto. Sauna a botte accogliente: una stanza sudatoria diversa","robots":{"index":"index","follow":"follow","max-snippet":"max-snippet:-1","max-image-preview":"max-image-preview:large","max-video-preview":"max-video-preview:-1"},"canonical":"https:\/\/www.pfeifhof.it\/it\/sauna\/","og_locale":"it_IT","og_type":"article","og_title":"Agriturismo con sauna - Maso Pfeifhof a Sesto","og_description":"Il nostro maso di montagna con sauna a 1.650 m e vista panoramica sulle Dolomiti di Sesto. Sauna a botte accogliente: una stanza sudatoria diversa","og_url":"https:\/\/www.pfeifhof.it\/it\/sauna\/","og_site_name":"Pfeifhof","article_modified_time":"2025-05-07T09:55:12+00:00","og_image":[{"url":"https:\/\/www.pfeifhof.it\/wp-content\/uploads\/2024\/01\/neu.svg"}],"twitter_card":"summary_large_image","twitter_misc":{"Tempo di lettura stimato":"2 minuti"},"schema":{"@context":"https:\/\/schema.org","@graph":[{"@type":"WebPage","@id":"https:\/\/www.pfeifhof.it\/it\/sauna\/","url":"https:\/\/www.pfeifhof.it\/it\/sauna\/","name":"Agriturismo con sauna - Maso Pfeifhof a Sesto","isPartOf":{"@id":"https:\/\/www.pfeifhof.it\/it\/#website"},"datePublished":"2024-01-31T15:38:11+00:00","dateModified":"2025-05-07T09:55:12+00:00","description":"Il nostro maso di montagna con sauna a 1.650 m e vista panoramica sulle Dolomiti di Sesto. Sauna a botte accogliente: una stanza sudatoria diversa","breadcrumb":{"@id":"https:\/\/www.pfeifhof.it\/it\/sauna\/#breadcrumb"},"inLanguage":"it-IT","potentialAction":[{"@type":"ReadAction","target":["https:\/\/www.pfeifhof.it\/it\/sauna\/"]}]},{"@type":"BreadcrumbList","@id":"https:\/\/www.pfeifhof.it\/it\/sauna\/#breadcrumb","itemListElement":[{"@type":"ListItem","position":1,"name":"Startseite","item":"https:\/\/www.pfeifhof.it\/it\/"},{"@type":"ListItem","position":2,"name":"Agriturismo con sauna &#8211; Maso Pfeifhof a Sesto"}]},{"@type":"WebSite","@id":"https:\/\/www.pfeifhof.it\/it\/#website","url":"https:\/\/www.pfeifhof.it\/it\/","name":"Pfeifhof","description":"","publisher":{"@id":"https:\/\/www.pfeifhof.it\/it\/#organization"},"potentialAction":[{"@type":"SearchAction","target":{"@type":"EntryPoint","urlTemplate":"https:\/\/www.pfeifhof.it\/it\/?s={search_term_string}"},"query-input":"required name=search_term_string"}],"inLanguage":"it-IT"},{"@type":"Organization","@id":"https:\/\/www.pfeifhof.it\/it\/#organization","name":"Pfeifhof","url":"https:\/\/www.pfeifhof.it\/it\/","logo":{"@type":"ImageObject","inLanguage":"it-IT","@id":"https:\/\/www.pfeifhof.it\/it\/#\/schema\/logo\/image\/","url":"https:\/\/www.pfeifhof.it\/wp-content\/uploads\/2024\/01\/logo-pfeifhof-1.svg","contentUrl":"https:\/\/www.pfeifhof.it\/wp-content\/uploads\/2024\/01\/logo-pfeifhof-1.svg","width":416,"height":95,"caption":"Pfeifhof"},"image":{"@id":"https:\/\/www.pfeifhof.it\/it\/#\/schema\/logo\/image\/"}}]}},"_links":{"self":[{"href":"https:\/\/www.pfeifhof.it\/it\/wp-json\/wp\/v2\/pages\/2373","targetHints":{"allow":["GET"]}}],"collection":[{"href":"https:\/\/www.pfeifhof.it\/it\/wp-json\/wp\/v2\/pages"}],"about":[{"href":"https:\/\/www.pfeifhof.it\/it\/wp-json\/wp\/v2\/types\/page"}],"author":[{"embeddable":true,"href":"https:\/\/www.pfeifhof.it\/it\/wp-json\/wp\/v2\/users\/1"}],"replies":[{"embeddable":true,"href":"https:\/\/www.pfeifhof.it\/it\/wp-json\/wp\/v2\/comments?post=2373"}],"version-history":[{"count":5,"href":"https:\/\/www.pfeifhof.it\/it\/wp-json\/wp\/v2\/pages\/2373\/revisions"}],"predecessor-version":[{"id":3163,"href":"https:\/\/www.pfeifhof.it\/it\/wp-json\/wp\/v2\/pages\/2373\/revisions\/3163"}],"wp:attachment":[{"href":"https:\/\/www.pfeifhof.it\/it\/wp-json\/wp\/v2\/media?parent=2373"}],"curies":[{"name":"wp","href":"https:\/\/api.w.org\/{rel}","templated":true}]}}